{"id":1277,"date":"2021-02-03T20:10:18","date_gmt":"2021-02-03T19:10:18","guid":{"rendered":"https:\/\/ffw-obing.de.web31.webflow.de\/?page_id=1277"},"modified":"2021-02-04T17:43:47","modified_gmt":"2021-02-04T16:43:47","slug":"datenschutz","status":"publish","type":"page","link":"https:\/\/www.ffw-obing.de\/site\/datenschutz\/","title":{"rendered":"Datenschutz"},"content":{"rendered":"<p>[et_pb_section bb_built=&#8220;1&#8243; fullwidth=&#8220;off&#8220; specialty=&#8220;off&#8220; next_background_color=&#8220;#000000&#8243; inner_width=&#8220;90%&#8220; inner_max_width=&#8220;1200px&#8220;][et_pb_row][et_pb_column type=&#8220;4_4&#8243; custom_padding__hover=&#8220;|||&#8220; custom_padding=&#8220;|||&#8220;][et_pb_image admin_label=&#8220;Bild Verein&#8220; _builder_version=&#8220;4.7.7&#8243; src=&#8220;https:\/\/www.ffw-obing.de\/site\/wp-content\/uploads\/2021\/02\/Freiwillige-Feuerwehr-Obing_Verein.jpg&#8220; box_shadow_horizontal_tablet=&#8220;0px&#8220; box_shadow_vertical_tablet=&#8220;0px&#8220; box_shadow_blur_tablet=&#8220;40px&#8220; box_shadow_spread_tablet=&#8220;0px&#8220; alt=&#8220;Obinger Feuerwehrhaus&#8220; title_text=&#8220;Obinger Feuerwehrhaus&#8220; vertical_offset_tablet=&#8220;0&#8243; horizontal_offset_tablet=&#8220;0&#8243; z_index_tablet=&#8220;0&#8243; \/][\/et_pb_column][\/et_pb_row][\/et_pb_section][et_pb_section bb_built=&#8220;1&#8243; fullwidth=&#8220;off&#8220; specialty=&#8220;off&#8220; inner_width=&#8220;90%&#8220; inner_max_width=&#8220;1200px&#8220; next_background_color=&#8220;#000000&#8243; prev_background_color=&#8220;#000000&#8243;][et_pb_row][et_pb_column type=&#8220;4_4&#8243; custom_padding__hover=&#8220;|||&#8220; custom_padding=&#8220;|||&#8220;][et_pb_text admin_label=&#8220;Text Datenschutz&#8220; _builder_version=&#8220;4.7.7&#8243; text_text_shadow_horizontal_length=&#8220;text_text_shadow_style,%91object Object%93&#8243; text_text_shadow_horizontal_length_tablet=&#8220;0px&#8220; text_text_shadow_vertical_length=&#8220;text_text_shadow_style,%91object Object%93&#8243; text_text_shadow_vertical_length_tablet=&#8220;0px&#8220; text_text_shadow_blur_strength=&#8220;text_text_shadow_style,%91object Object%93&#8243; text_text_shadow_blur_strength_tablet=&#8220;1px&#8220; link_text_shadow_horizontal_length=&#8220;link_text_shadow_style,%91object Object%93&#8243; link_text_shadow_horizontal_length_tablet=&#8220;0px&#8220; link_text_shadow_vertical_length=&#8220;link_text_shadow_style,%91object Object%93&#8243; link_text_shadow_vertical_length_tablet=&#8220;0px&#8220; link_text_shadow_blur_strength=&#8220;link_text_shadow_style,%91object Object%93&#8243; link_text_shadow_blur_strength_tablet=&#8220;1px&#8220; ul_text_shadow_horizontal_length=&#8220;ul_text_shadow_style,%91object Object%93&#8243; ul_text_shadow_horizontal_length_tablet=&#8220;0px&#8220; ul_text_shadow_vertical_length=&#8220;ul_text_shadow_style,%91object Object%93&#8243; ul_text_shadow_vertical_length_tablet=&#8220;0px&#8220; ul_text_shadow_blur_strength=&#8220;ul_text_shadow_style,%91object Object%93&#8243; ul_text_shadow_blur_strength_tablet=&#8220;1px&#8220; ol_text_shadow_horizontal_length=&#8220;ol_text_shadow_style,%91object Object%93&#8243; ol_text_shadow_horizontal_length_tablet=&#8220;0px&#8220; ol_text_shadow_vertical_length=&#8220;ol_text_shadow_style,%91object Object%93&#8243; ol_text_shadow_vertical_length_tablet=&#8220;0px&#8220; ol_text_shadow_blur_strength=&#8220;ol_text_shadow_style,%91object Object%93&#8243; ol_text_shadow_blur_strength_tablet=&#8220;1px&#8220; quote_text_shadow_horizontal_length=&#8220;quote_text_shadow_style,%91object Object%93&#8243; quote_text_shadow_horizontal_length_tablet=&#8220;0px&#8220; quote_text_shadow_vertical_length=&#8220;quote_text_shadow_style,%91object Object%93&#8243; quote_text_shadow_vertical_length_tablet=&#8220;0px&#8220; quote_text_shadow_blur_strength=&#8220;quote_text_shadow_style,%91object Object%93&#8243; quote_text_shadow_blur_strength_tablet=&#8220;1px&#8220; header_text_shadow_horizontal_length=&#8220;header_text_shadow_style,%91object Object%93&#8243; header_text_shadow_horizontal_length_tablet=&#8220;0px&#8220; header_text_shadow_vertical_length=&#8220;header_text_shadow_style,%91object Object%93&#8243; header_text_shadow_vertical_length_tablet=&#8220;0px&#8220; header_text_shadow_blur_strength=&#8220;header_text_shadow_style,%91object Object%93&#8243; header_text_shadow_blur_strength_tablet=&#8220;1px&#8220; header_2_text_shadow_horizontal_length=&#8220;header_2_text_shadow_style,%91object Object%93&#8243; header_2_text_shadow_horizontal_length_tablet=&#8220;0px&#8220; header_2_text_shadow_vertical_length=&#8220;header_2_text_shadow_style,%91object Object%93&#8243; header_2_text_shadow_vertical_length_tablet=&#8220;0px&#8220; header_2_text_shadow_blur_strength=&#8220;header_2_text_shadow_style,%91object Object%93&#8243; header_2_text_shadow_blur_strength_tablet=&#8220;1px&#8220; header_3_text_shadow_horizontal_length=&#8220;header_3_text_shadow_style,%91object Object%93&#8243; header_3_text_shadow_horizontal_length_tablet=&#8220;0px&#8220; header_3_text_shadow_vertical_length=&#8220;header_3_text_shadow_style,%91object Object%93&#8243; header_3_text_shadow_vertical_length_tablet=&#8220;0px&#8220; header_3_text_shadow_blur_strength=&#8220;header_3_text_shadow_style,%91object Object%93&#8243; header_3_text_shadow_blur_strength_tablet=&#8220;1px&#8220; header_4_text_shadow_horizontal_length=&#8220;header_4_text_shadow_style,%91object Object%93&#8243; header_4_text_shadow_horizontal_length_tablet=&#8220;0px&#8220; header_4_text_shadow_vertical_length=&#8220;header_4_text_shadow_style,%91object Object%93&#8243; header_4_text_shadow_vertical_length_tablet=&#8220;0px&#8220; header_4_text_shadow_blur_strength=&#8220;header_4_text_shadow_style,%91object Object%93&#8243; header_4_text_shadow_blur_strength_tablet=&#8220;1px&#8220; header_5_text_shadow_horizontal_length=&#8220;header_5_text_shadow_style,%91object Object%93&#8243; header_5_text_shadow_horizontal_length_tablet=&#8220;0px&#8220; header_5_text_shadow_vertical_length=&#8220;header_5_text_shadow_style,%91object Object%93&#8243; header_5_text_shadow_vertical_length_tablet=&#8220;0px&#8220; header_5_text_shadow_blur_strength=&#8220;header_5_text_shadow_style,%91object Object%93&#8243; header_5_text_shadow_blur_strength_tablet=&#8220;1px&#8220; header_6_text_shadow_horizontal_length=&#8220;header_6_text_shadow_style,%91object Object%93&#8243; header_6_text_shadow_horizontal_length_tablet=&#8220;0px&#8220; header_6_text_shadow_vertical_length=&#8220;header_6_text_shadow_style,%91object Object%93&#8243; header_6_text_shadow_vertical_length_tablet=&#8220;0px&#8220; header_6_text_shadow_blur_strength=&#8220;header_6_text_shadow_style,%91object Object%93&#8243; header_6_text_shadow_blur_strength_tablet=&#8220;1px&#8220; box_shadow_horizontal_tablet=&#8220;0px&#8220; box_shadow_vertical_tablet=&#8220;0px&#8220; box_shadow_blur_tablet=&#8220;40px&#8220; box_shadow_spread_tablet=&#8220;0px&#8220; vertical_offset_tablet=&#8220;0&#8243; horizontal_offset_tablet=&#8220;0&#8243; z_index_tablet=&#8220;0&#8243;]<\/p>\n<h1>Datenschutzerkl\u00e4rung<\/h1>\n<p>Wir legen sehr viel Wert auf den Schutz Ihrer pers\u00f6nlichen Daten und erheben in unserem Internetauftritt personenbezogene Daten nur im technisch notwendigen Umfang f\u00fcr interne statistische Zwecke und Auswertungen.<br \/>Im Regelfall k\u00f6nnen Sie unsere Internetseiten ohne Angaben zu Ihrer Person nutzen. Im Einzelfall, zum Beispiel bei Kontaktformularen, ben\u00f6tigen wir Ihren Namen, Anschrift, E-Mail-Adresse oder weitere Angaben, die Sie dann im jeweiligen Formular selbst angeben und an uns \u00fcbermitteln.<br \/>Diese Daten werden keinesfalls an Dritte weitergegeben und werden nicht dazu benutzt, den Besucher unserer Webseiten pers\u00f6nlich zu identifizieren.<br \/>Bedenken Sie, dass die Daten\u00fcbertragung im Internet grunds\u00e4tzlich Sicherheitsl\u00fccken aufweisen kann. Ein vollumf\u00e4nglicher Schutz vor dem Zugriff durch Fremde kann daher nicht gew\u00e4hrleistet werden. Sie k\u00f6nnen uns aber auch auf anderen Wegen personenbezogene Daten \u00fcbermitteln. Beispielsweise telefonisch oder auf dem Postweg.<br \/><strong><br \/>Verantwortlicher im Sinne der DSGVO:<\/strong><br \/>1. Vorstand Simon Frank<br \/>Br\u00e4uackerring 2<br \/>83119 Obing<br \/>Tel. 0 86 24 \/ 42 86<br \/>Fax 0 86 24 \/ 89 14 49<br \/>E-Mail <a href=\"mailto:feuerwehr.obing@ffw-obing.de\">feuerwehr.obing@ffw-obing.de<\/a><br \/>Webseite <a href=\"http:\/\/www.ffw-obing.de\">www.ffw-obing.de<\/a><\/p>\n<p><strong>1. Personenbezogene Daten<br \/><\/strong>Personenbezogene Daten sind alle Informationen, die dazu genutzt werden k\u00f6nnen eine nat\u00fcrliche Person zu identifizieren. Zu diesen Daten z\u00e4hlen zum Beispiel Name, Anschrift, Telefonnummer, E-Mail-Adresse, Standortdaten, Bankdaten, IP-Adressen oder auch Bilder.<br \/>Die Verarbeitung personenbezogener Daten \u2013 beispielsweise der von Ihnen an uns \u00fcber Formulare \u00fcbermittelten Daten \u2013 erfolgt stets im Einklang mit der Datenschutz-Grundverordnung (DSGVO) und in \u00dcbereinstimmung mit den f\u00fcr unsere Firma geltenden landesspezifischen Datenschutzbestimmungen.<br \/>Eine Erhebung, Verarbeitung und Nutzung der personenbezogenen Daten erfolgt immer nur zu dem jeweils angegebenen Zweck.Mit dieser Datenschutzerkl\u00e4rung m\u00f6chten wir Sie \u00fcber Art, Umfang und Zweck der von uns erhobenen und verarbeiteten personenbezogenen Daten informieren und \u00fcber die Rechte betroffener Personen aufkl\u00e4ren.<\/p>\n<p><strong>2. Datenerhebung und -protokollierung<br \/><\/strong>Jeder Zugriff auf die Webseiten und jeder Abruf von Dateien wird in einem LogFile und \/ oder im System des Internetauftrittes gespeichert. Folgende Daten werden dabei erhoben:<\/p>\n<ul>\n<li>Datum und Uhrzeit des Abrufs<\/li>\n<li>Name der abgerufenen Datei oder Seite<\/li>\n<li>IP-Adresse (Kennung f\u00fcr internetf\u00e4hige Ger\u00e4te)<\/li>\n<li>Referrer (unmittelbar vorher besuchte Internetseite)<\/li>\n<li>Browserkennung (Browsername inkl. Version)<\/li>\n<li>Das vom zugreifenden System verwendete Betriebssystem<\/li>\n<\/ul>\n<p>Diese Daten verwenden wir, um die Stabilit\u00e4t und Sicherheit unseres Systems zu gew\u00e4hrleisten und gegen m\u00f6gliche Angriffe von au\u00dfen abzusichern. Wir nutzen diese Daten f\u00fcr statistische Zwecke ausschlie\u00dflich f\u00fcr den internen Gebrauch.<\/p>\n<p>Die Daten werden nicht dazu benutzt, den Besucher unserer Webseiten pers\u00f6nlich zu identifizieren und sie werden nicht mit anderen Daten zusammengef\u00fchrt. Eine Weitergabe an Dritte findet nicht statt.<\/p>\n<p><strong>3. Umgang mit Kontaktdaten \/ Kontaktformular<br \/><\/strong>Nehmen Sie mit dem Webseitenbetreiber durch die angebotenen Kontaktm\u00f6glichkeiten Verbindung auf, werden Ihre Angaben gespeichert, damit auf diese zur Bearbeitung und Beantwortung Ihrer Anfrage zur\u00fcckgegriffen werden kann. Diese Daten werden nicht an Dritte weitergegeben. Folgende Daten werden an uns \u00fcbermittelt und gespeichert:<\/p>\n<ul>\n<li>Name<\/li>\n<li>E-Mailadresse<\/li>\n<li>Freitextfeld \u201eNachricht\u201c<\/li>\n<li>Die IP-Adresse des Nutzers<\/li>\n<li>Datum und Uhrzeit der Registrierung<\/li>\n<\/ul>\n<p>Im Zuge des Absendevorgangs wird Ihre Einwilligung f\u00fcr die Verarbeitung der Daten eingeholt. Au\u00dferdem wird auf die Datenschutzerkl\u00e4rung hingewiesen. Wenn Sie \u00fcber unsere E-Mailadresse Kontakt mit uns aufnehmen, werden die mit dieser E-Mail \u00fcbertragenen personenbezogenen Daten des Nutzers gespeichert.<br \/>Bei vorliegender Einwilligung des Nutzers ist die Rechtsgrundlage f\u00fcr die Datenverarbeitung Art. 6 Abs. 1 lit. a DSGVO.<br \/><strong><br \/>4. Cookies<br \/><\/strong>Cookies verwenden wir nur, um die Nutzung bestimmter Funktionen zu erm\u00f6glichen und den Komfort des Internetauftrittes zu erh\u00f6hen. Cookies sind kleine Textdateien, die lokal auf Ihrem Rechner gespeichert werden. Sie beinhalten Informationen zu Ihrem Besuch und der Benutzung unserer Seiten. <br \/>Die Nutzung von Cookies beschr\u00e4nken wir auf das n\u00f6tige Minimum. Sie k\u00f6nnen diese Cookies in Ihren Browsereinstellungen jederzeit l\u00f6schen.<\/p>\n<p><strong>5. Rechte des Nutzers<br \/><\/strong>Sie als Nutzer erhalten auf Antrag Ihrerseits kostenlose Auskunft dar\u00fcber, welche personenbezogenen Daten \u00fcber Sie gespeichert wurden. Sofern Ihr Wunsch nicht mit einer gesetzlichen Pflicht zur Aufbewahrung von Daten (z.B. Vorratsdatenspeicherung) kollidiert, haben Sie ein Anrecht auf Berichtigung falscher Daten und auf die Sperrung oder L\u00f6schung Ihrer personenbezogenen Daten.<\/p>\n<ul>\n<li>Recht auf Auskunft (DSGVO, Art. 15)<\/li>\n<li>Recht auf Berichtigung (DSGVO, Art. 16)<\/li>\n<li>Recht auf L\u00f6schung (Recht auf Vergessenwerden) (DSGVO, Art. 17)<\/li>\n<li>Recht auf Einschr\u00e4nkung der Verarbeitung (DSGVO, Art. 18)<\/li>\n<li>Recht auf Daten\u00fcbertragung (DSGVO, Art. 20)<\/li>\n<li>Recht auf Widerspruch (DSGVO, Art. 21)<\/li>\n<li>Recht auf Beschwerde (DSGVO, Art. 77)<\/li>\n<\/ul>\n<p><strong>6. Kontakt f\u00fcr Fragen zum Datenschutz<br \/><\/strong>Wenn Sie glauben, dass die Verarbeitung Ihrer Daten gegen das Datenschutzrecht verst\u00f6\u00dft oder Ihre datenschutzrechtlichen Anspr\u00fcche sonst in einer Weise verletzt worden sind, k\u00f6nnen Sie sich bei der Aufsichtsbeh\u00f6rde beschweren.<\/p>\n<p>In Bayern ist dies:<br \/>Prof. Dr. Thomas Petri<br \/>Postadresse: Postfach 221219, 80502 M\u00fcnchen<br \/>Adresse: Wagm\u00fcllerstra\u00dfe 18, 80538 M\u00fcnchen<br \/>Tel. 0 89 \/ 21 26 72-0<br \/>Fax 0 89 \/ 21 26 72-50<br \/>E-Mail:\u00a0<a href=\"mailto:poststelle@datenschutz-bayern.de\"><strong><em>poststelle@datenschutz-bayern.de<\/em><\/strong><\/a><br \/>USt-IdNr.: DE 811335517<\/p>\n<p><strong>8. Social Media und weitere Anbieter<br \/><\/strong>Wir haben keine Anzeigen und Plugins von externen Anbietern in unserem Internetauftritt eingebunden.<br \/>Wir nutzen Google Fonts. <br \/>Wir nutzen Schriftarten von Google Fonts. Die Datenschutzbestimmungen von Google finden Sie unter <a href=\"https:\/\/policies.google.com\/privacy?hl=de&amp;gl=de\"><strong><em>https:\/\/policies.google.com\/privacy?hl=de&amp;gl=de<\/em><\/strong><\/a><br \/>Google Inc., 1600 Amphitheatre Parkway, Mountain View, CA 94043, USA<\/p>\n<p><strong>9. Tracking- und Analysetools<br \/><\/strong>Wir nutzen keine Tracking- und \/ oder Analysetools in unserem Internetauftritt.<\/p>\n<p>[\/et_pb_text][\/et_pb_column][\/et_pb_row][\/et_pb_section][et_pb_section bb_built=&#8220;1&#8243; fullwidth=&#8220;off&#8220; specialty=&#8220;off&#8220; prev_background_color=&#8220;#000000&#8243; inner_width=&#8220;90%&#8220; inner_max_width=&#8220;1200px&#8220;][et_pb_row][et_pb_column type=&#8220;1_3&#8243; custom_padding__hover=&#8220;|||&#8220; custom_padding=&#8220;|||&#8220;][\/et_pb_column][et_pb_column type=&#8220;1_3&#8243; custom_padding__hover=&#8220;|||&#8220; custom_padding=&#8220;|||&#8220;][\/et_pb_column][et_pb_column type=&#8220;1_3&#8243; custom_padding__hover=&#8220;|||&#8220; custom_padding=&#8220;|||&#8220;][\/et_pb_column][\/et_pb_row][\/et_pb_section]<\/p>\n","protected":false},"excerpt":{"rendered":"<p>[et_pb_section bb_built=&#8220;1&#8243; fullwidth=&#8220;off&#8220; specialty=&#8220;off&#8220; next_background_color=&#8220;#000000&#8243; inner_width=&#8220;90%&#8220; inner_max_width=&#8220;1200px&#8220;][et_pb_row][et_pb_column type=&#8220;4_4&#8243; custom_padding__hover=&#8220;|||&#8220; custom_padding=&#8220;|||&#8220;][et_pb_image admin_label=&#8220;Bild Verein&#8220; _builder_version=&#8220;4.7.7&#8243; src=&#8220;https:\/\/www.ffw-obing.de\/site\/wp-content\/uploads\/2021\/02\/Freiwillige-Feuerwehr-Obing_Verein.jpg&#8220; box_shadow_horizontal_tablet=&#8220;0px&#8220; box_shadow_vertical_tablet=&#8220;0px&#8220; box_shadow_blur_tablet=&#8220;40px&#8220; box_shadow_spread_tablet=&#8220;0px&#8220; alt=&#8220;Obinger Feuerwehrhaus&#8220; title_text=&#8220;Obinger Feuerwehrhaus&#8220; vertical_offset_tablet=&#8220;0&#8243; horizontal_offset_tablet=&#8220;0&#8243; z_index_tablet=&#8220;0&#8243; \/][\/et_pb_column][\/et_pb_row][\/et_pb_section][et_pb_section bb_built=&#8220;1&#8243; fullwidth=&#8220;off&#8220; specialty=&#8220;off&#8220; inner_width=&#8220;90%&#8220; inner_max_width=&#8220;1200px&#8220; next_background_color=&#8220;#000000&#8243; prev_background_color=&#8220;#000000&#8243;][et_pb_row][et_pb_column type=&#8220;4_4&#8243; custom_padding__hover=&#8220;|||&#8220; custom_padding=&#8220;|||&#8220;][et_pb_text admin_label=&#8220;Text Datenschutz&#8220; _builder_version=&#8220;4.7.7&#8243; text_text_shadow_horizontal_length=&#8220;text_text_shadow_style,%91object Object%93&#8243; text_text_shadow_horizontal_length_tablet=&#8220;0px&#8220; text_text_shadow_vertical_length=&#8220;text_text_shadow_style,%91object Object%93&#8243; text_text_shadow_vertical_length_tablet=&#8220;0px&#8220; text_text_shadow_blur_strength=&#8220;text_text_shadow_style,%91object Object%93&#8243; text_text_shadow_blur_strength_tablet=&#8220;1px&#8220; link_text_shadow_horizontal_length=&#8220;link_text_shadow_style,%91object Object%93&#8243; link_text_shadow_horizontal_length_tablet=&#8220;0px&#8220; link_text_shadow_vertical_length=&#8220;link_text_shadow_style,%91object Object%93&#8243; link_text_shadow_vertical_length_tablet=&#8220;0px&#8220; link_text_shadow_blur_strength=&#8220;link_text_shadow_style,%91object [&hellip;]<\/p>\n","protected":false},"author":1,"featured_media":0,"parent":0,"menu_order":4,"comment_status":"closed","ping_status":"closed","template":"","meta":{"_et_pb_use_builder":"on","_et_pb_old_content":"","_et_gb_content_width":"","footnotes":""},"class_list":["post-1277","page","type-page","status-publish","hentry"],"_links":{"self":[{"href":"https:\/\/www.ffw-obing.de\/site\/wp-json\/wp\/v2\/pages\/1277","targetHints":{"allow":["GET"]}}],"collection":[{"href":"https:\/\/www.ffw-obing.de\/site\/wp-json\/wp\/v2\/pages"}],"about":[{"href":"https:\/\/www.ffw-obing.de\/site\/wp-json\/wp\/v2\/types\/page"}],"author":[{"embeddable":true,"href":"https:\/\/www.ffw-obing.de\/site\/wp-json\/wp\/v2\/users\/1"}],"replies":[{"embeddable":true,"href":"https:\/\/www.ffw-obing.de\/site\/wp-json\/wp\/v2\/comments?post=1277"}],"version-history":[{"count":4,"href":"https:\/\/www.ffw-obing.de\/site\/wp-json\/wp\/v2\/pages\/1277\/revisions"}],"predecessor-version":[{"id":1461,"href":"https:\/\/www.ffw-obing.de\/site\/wp-json\/wp\/v2\/pages\/1277\/revisions\/1461"}],"wp:attachment":[{"href":"https:\/\/www.ffw-obing.de\/site\/wp-json\/wp\/v2\/media?parent=1277"}],"curies":[{"name":"wp","href":"https:\/\/api.w.org\/{rel}","templated":true}]}}